{"id":42,"date":"2023-11-11T22:53:48","date_gmt":"2023-11-11T22:53:48","guid":{"rendered":"https:\/\/artyourlove.de\/?post_type=product&#038;p=42"},"modified":"2025-08-06T11:09:02","modified_gmt":"2025-08-06T11:09:02","slug":"schachbrett-nummern-set-einseitig-bedruckt","status":"publish","type":"product","link":"https:\/\/artyourlove.de\/?product=schachbrett-nummern-set-einseitig-bedruckt","title":{"rendered":"Schachbrett Nummern Set &#8211; einseitig bedruckt"},"content":{"rendered":"<p>Bereichern Sie Ihr Schacherlebnis mit unseren exklusiven Schachbrettnummern, die mit Sorgfalt und Pr\u00e4zision von unserem hochwertigen 3D-Druckern hergestellt werden.<\/p>\n<p>Diese Zahlen sind nicht nur praktisch und sch\u00f6n anzusehen, sondern verleihen Ihrem Verein auch eine ansprechende und professionelle Note.<\/p>\n<p><strong>Eigenschaften:<\/strong><\/p>\n<ul>\n<li><strong>Pr\u00e4zision und Qualit\u00e4t:<\/strong> Jede Schachbrettnummer wird sorgf\u00e4ltig aus hochwertigem Material gefertigt und bietet eine pr\u00e4zise Lesbarkeit auf dem Schachbrett.<\/li>\n<li><strong>Einfache Identifizierung:<\/strong> Unsere Schachbrettnummern sind klar und deutlich markiert, um die Identifizierung der Schachbretter w\u00e4hrend des Turniers\/Mannschaftskampf zu erleichtern.<\/li>\n<li><strong>Elegantes Design:<\/strong> Das schlichte und dennoch elegante Design unserer Zahlen passt perfekt zu jedem Schachbrett und verleiht Ihrem Spiel eine professionelle Note.<\/li>\n<li><strong>Langlebig und stabil:<\/strong> Hergestellt aus strapazierf\u00e4higem Material, garantieren unsere Schachbrettnummern eine lange Lebensdauer und sind perfekt f\u00fcr den intensiven Gebrauch geeignet.<\/li>\n<li><strong>Vielseitig einsetzbar:<\/strong> Diese Schachbrettnummern eignen sich nicht nur f\u00fcr den pers\u00f6nlichen Gebrauch, sondern sind auch ideal f\u00fcr Schachclubs, Schulen und Schachturniere.<\/li>\n<\/ul>\n<p><strong>Begriffe:<\/strong><\/p>\n<ul>\n<li>Brett, ist das um 45\u00b0 gedrehte Schachbrett mit der Nummer 6 in Magenta (hier in der V2 Version)<\/li>\n<li>Sockel, in Gr\u00fcn mit wei\u00dfer Schrift (V2 Version)<\/li>\n<li>St\u00e4nder, in Rot<\/li>\n<\/ul>\n<p><img loading=\"lazy\" decoding=\"async\" class=\"alignnone size-medium wp-image-1246\" src=\"https:\/\/artyourlove.de\/wp-content\/uploads\/2024\/09\/IMG_20240921_190529-225x300.jpg\" alt=\"\" width=\"225\" height=\"300\" srcset=\"https:\/\/artyourlove.de\/wp-content\/uploads\/2024\/09\/IMG_20240921_190529-225x300.jpg 225w, https:\/\/artyourlove.de\/wp-content\/uploads\/2024\/09\/IMG_20240921_190529-768x1024.jpg 768w, https:\/\/artyourlove.de\/wp-content\/uploads\/2024\/09\/IMG_20240921_190529-1152x1536.jpg 1152w, https:\/\/artyourlove.de\/wp-content\/uploads\/2024\/09\/IMG_20240921_190529-1536x2048.jpg 1536w, https:\/\/artyourlove.de\/wp-content\/uploads\/2024\/09\/IMG_20240921_190529-600x800.jpg 600w, https:\/\/artyourlove.de\/wp-content\/uploads\/2024\/09\/IMG_20240921_190529.jpg 1805w\" sizes=\"auto, (max-width: 225px) 100vw, 225px\" \/><\/p>\n<p>&nbsp;<\/p>\n<p><strong>Technis<\/strong><strong>che<\/strong><strong>\u00a0Daten<\/strong><strong>:<\/strong><\/p>\n<ul>\n<li>Material: ABS<\/li>\n<li>Gr\u00f6\u00dfe:\n<ul>\n<li>Breite: ca. 113mm,<\/li>\n<li>H\u00f6he ca. 113mm,<\/li>\n<li>Tiefe des Sockels ca. 18 mm bei einseitigem Druck (hier ragt die Schrift aus dem St\u00e4nder heraus)<\/li>\n<li>Tiefe des Sockels\u00a0 ca. 16 mm bei zweiseitigem Druck (hier ragt die Schrift nicht aus dem St\u00e4nder heraus)<\/li>\n<li>Bei Verwendung des St\u00e4nders, dieser hat eine Tiefe von ca. 78mm<\/li>\n<\/ul>\n<\/li>\n<li>Farbe: nach Wunsch. Die Nummer, der St\u00e4nder, das Brett erscheinen in dieser Farbe. Die Schrift ist wei\u00df.<\/li>\n<\/ul>\n<p><strong>Lieferumfang:<\/strong><\/p>\n<ul>\n<li>1 Set Schachbrettnummern bestehend aus 8 chronologisch folgenden Zahlen nach Wahl mit oder ohne St\u00e4nder, je nach Wahl<\/li>\n<\/ul>\n<p>F\u00fcr besondere W\u00fcnsche, schreiben Sie uns an.<\/p>\n<p>&nbsp;<\/p>\n<p>Erwecken Sie Ihr Schachbrett zum Leben und steigern Sie Ihre Professionalit\u00e4t auf die n\u00e4chste Stufe mit unseren Schachbrettnummern. Bestellen Sie noch heute und genie\u00dfen Sie eine noch intensivere Vereinswahrnehmung.<\/p>\n","protected":false},"excerpt":{"rendered":"<p>Bereichern Sie Ihr Schachspiel mit unseren hochwertigen 3D-gedruckten Schachbrettnummern.<\/p>\n<p>Pr\u00e4zise gefertigt f\u00fcr einfache Identifizierung und einen Hauch von Eleganz neben Ihrem Schachbrett.<\/p>\n<p>Erh\u00e4ltlich in verschiedenen Farben und ideal f\u00fcr Schachenthusiasten, Schulen und Schachvereine.<\/p>\n<p>Machen Sie Ihr Spiel professionell und m\u00fchelos!<\/p>\n","protected":false},"featured_media":1240,"comment_status":"open","ping_status":"closed","template":"","meta":[],"product_brand":[],"product_cat":[107,106],"product_tag":[],"class_list":{"0":"post-42","1":"product","2":"type-product","3":"status-publish","4":"has-post-thumbnail","6":"product_cat-schach","7":"product_cat-3d-druck","9":"first","10":"instock","11":"taxable","12":"shipping-taxable","13":"purchasable","14":"product-type-variable"},"jetpack_sharing_enabled":true,"_links":{"self":[{"href":"https:\/\/artyourlove.de\/index.php?rest_route=\/wp\/v2\/product\/42","targetHints":{"allow":["GET"]}}],"collection":[{"href":"https:\/\/artyourlove.de\/index.php?rest_route=\/wp\/v2\/product"}],"about":[{"href":"https:\/\/artyourlove.de\/index.php?rest_route=\/wp\/v2\/types\/product"}],"replies":[{"embeddable":true,"href":"https:\/\/artyourlove.de\/index.php?rest_route=%2Fwp%2Fv2%2Fcomments&post=42"}],"wp:featuredmedia":[{"embeddable":true,"href":"https:\/\/artyourlove.de\/index.php?rest_route=\/wp\/v2\/media\/1240"}],"wp:attachment":[{"href":"https:\/\/artyourlove.de\/index.php?rest_route=%2Fwp%2Fv2%2Fmedia&parent=42"}],"wp:term":[{"taxonomy":"product_brand","embeddable":true,"href":"https:\/\/artyourlove.de\/index.php?rest_route=%2Fwp%2Fv2%2Fproduct_brand&post=42"},{"taxonomy":"product_cat","embeddable":true,"href":"https:\/\/artyourlove.de\/index.php?rest_route=%2Fwp%2Fv2%2Fproduct_cat&post=42"},{"taxonomy":"product_tag","embeddable":true,"href":"https:\/\/artyourlove.de\/index.php?rest_route=%2Fwp%2Fv2%2Fproduct_tag&post=42"}],"curies":[{"name":"wp","href":"https:\/\/api.w.org\/{rel}","templated":true}]}}