{"id":386,"date":"2023-11-07T17:36:04","date_gmt":"2023-11-07T17:36:04","guid":{"rendered":"https:\/\/artyourlove.de\/?post_type=product&#038;p=386"},"modified":"2024-09-21T17:21:55","modified_gmt":"2024-09-21T17:21:55","slug":"schachbrett-nummern-staender-set","status":"publish","type":"product","link":"https:\/\/artyourlove.de\/?product=schachbrett-nummern-staender-set","title":{"rendered":"Schachbrett Nummern St\u00e4nder Set"},"content":{"rendered":"<p>1 Set St\u00e4nder f\u00fcr die Schachbrettnummern, Farbe nach Wahl<\/p>\n<p><strong>Technische Daten:<\/strong><\/p>\n<ul>\n<li>Material: ABS<\/li>\n<li>Gr\u00f6\u00dfe:\n<ul>\n<li>Tiefe von ca. 78mm<\/li>\n<\/ul>\n<\/li>\n<li>Farbe: nach Wunsch.<\/li>\n<\/ul>\n<p><strong>Lieferumfang:<\/strong><\/p>\n<ul>\n<li>1 Set Schachbrettnummernst\u00e4nder bestehend aus 16 einzelnen St\u00e4ndern (zwei pro Nummer)<\/li>\n<\/ul>\n<p>&nbsp;<\/p>\n<p>Erwecken Sie Ihr Schachbrett zum Leben und steigern Sie Ihre Professionalit\u00e4t auf die n\u00e4chste Stufe mit unseren Schachbrettnummern. Bestellen Sie noch heute und genie\u00dfen Sie eine noch intensivere Vereinswahrnehmung.<\/p>\n","protected":false},"excerpt":{"rendered":"<p>Bereichern Sie Ihr Schachspiel mit unseren hochwertigen 3D-gedruckten Schachbrettnummern.<\/p>\n<p>Pr\u00e4zise gefertigt f\u00fcr einfache Identifizierung und einen Hauch von Eleganz neben Ihrem Schachbrett.<\/p>\n<p>Erh\u00e4ltlich in verschiedenen Farben und ideal f\u00fcr Schachenthusiasten, Schulen und Schachvereine.<\/p>\n<p>Machen Sie Ihr Spiel professionell und m\u00fchelos!<\/p>\n","protected":false},"featured_media":1249,"comment_status":"open","ping_status":"closed","template":"","meta":[],"product_brand":[],"product_cat":[106,107],"product_tag":[],"class_list":{"0":"post-386","1":"product","2":"type-product","3":"status-publish","4":"has-post-thumbnail","6":"product_cat-3d-druck","7":"product_cat-schach","9":"first","10":"instock","11":"taxable","12":"shipping-taxable","13":"purchasable","14":"product-type-variable"},"jetpack_sharing_enabled":true,"_links":{"self":[{"href":"https:\/\/artyourlove.de\/index.php?rest_route=\/wp\/v2\/product\/386","targetHints":{"allow":["GET"]}}],"collection":[{"href":"https:\/\/artyourlove.de\/index.php?rest_route=\/wp\/v2\/product"}],"about":[{"href":"https:\/\/artyourlove.de\/index.php?rest_route=\/wp\/v2\/types\/product"}],"replies":[{"embeddable":true,"href":"https:\/\/artyourlove.de\/index.php?rest_route=%2Fwp%2Fv2%2Fcomments&post=386"}],"wp:featuredmedia":[{"embeddable":true,"href":"https:\/\/artyourlove.de\/index.php?rest_route=\/wp\/v2\/media\/1249"}],"wp:attachment":[{"href":"https:\/\/artyourlove.de\/index.php?rest_route=%2Fwp%2Fv2%2Fmedia&parent=386"}],"wp:term":[{"taxonomy":"product_brand","embeddable":true,"href":"https:\/\/artyourlove.de\/index.php?rest_route=%2Fwp%2Fv2%2Fproduct_brand&post=386"},{"taxonomy":"product_cat","embeddable":true,"href":"https:\/\/artyourlove.de\/index.php?rest_route=%2Fwp%2Fv2%2Fproduct_cat&post=386"},{"taxonomy":"product_tag","embeddable":true,"href":"https:\/\/artyourlove.de\/index.php?rest_route=%2Fwp%2Fv2%2Fproduct_tag&post=386"}],"curies":[{"name":"wp","href":"https:\/\/api.w.org\/{rel}","templated":true}]}}