{"id":1251,"date":"2024-09-21T17:28:30","date_gmt":"2024-09-21T17:28:30","guid":{"rendered":"https:\/\/artyourlove.de\/?post_type=product&#038;p=1251"},"modified":"2025-08-06T11:08:38","modified_gmt":"2025-08-06T11:08:38","slug":"schild","status":"publish","type":"product","link":"https:\/\/artyourlove.de\/?product=schild","title":{"rendered":"Schild"},"content":{"rendered":"<p>Ein (Hinweis) Schild, Beschriftung und Farbe nach Wahl.<\/p>\n<p>Gut geeignet f\u00fcr Turnierleitung oder Schiedsrichter oder &#8230;<\/p>\n<p><strong>Technische Daten:<\/strong><\/p>\n<ul>\n<li>Material: ABS<\/li>\n<li>Gr\u00f6\u00dfe:\n<ul>\n<li>Breite von ca. 200 mm<\/li>\n<li>H\u00f6he von ca. 95 mm<\/li>\n<li>Tiefe von ca. 70 mm<\/li>\n<\/ul>\n<\/li>\n<li>Farbe: nach Wunsch.<\/li>\n<\/ul>\n<p><strong>Lieferumfang:<\/strong><\/p>\n<ul>\n<li>1 Set Schachbrettnummernst\u00e4nder bestehend aus 16 einzelnen St\u00e4ndern (zwei pro Nummer)<\/li>\n<\/ul>\n","protected":false},"excerpt":{"rendered":"<p>Ein (Hinweis) Schild, Beschriftung und Farbe nach Wahl. Gut geeignet f\u00fcr Turnierleitung oder Schiedsrichter oder &#8230; Technische Daten: Material: ABS Gr\u00f6\u00dfe: Breite von ca. 200 mm H\u00f6he von ca. 95 mm Tiefe von ca. 70 mm Farbe: nach Wunsch. Lieferumfang: 1 Set Schachbrettnummernst\u00e4nder bestehend aus 16 einzelnen St\u00e4ndern (zwei pro Nummer)<\/p>\n","protected":false},"featured_media":1243,"comment_status":"open","ping_status":"closed","template":"","meta":[],"product_brand":[],"product_cat":[106,107],"product_tag":[],"class_list":{"0":"post-1251","1":"product","2":"type-product","3":"status-publish","4":"has-post-thumbnail","6":"product_cat-3d-druck","7":"product_cat-schach","9":"first","10":"instock","11":"taxable","12":"shipping-taxable","13":"purchasable","14":"product-type-variable"},"jetpack_sharing_enabled":true,"_links":{"self":[{"href":"https:\/\/artyourlove.de\/index.php?rest_route=\/wp\/v2\/product\/1251","targetHints":{"allow":["GET"]}}],"collection":[{"href":"https:\/\/artyourlove.de\/index.php?rest_route=\/wp\/v2\/product"}],"about":[{"href":"https:\/\/artyourlove.de\/index.php?rest_route=\/wp\/v2\/types\/product"}],"replies":[{"embeddable":true,"href":"https:\/\/artyourlove.de\/index.php?rest_route=%2Fwp%2Fv2%2Fcomments&post=1251"}],"wp:featuredmedia":[{"embeddable":true,"href":"https:\/\/artyourlove.de\/index.php?rest_route=\/wp\/v2\/media\/1243"}],"wp:attachment":[{"href":"https:\/\/artyourlove.de\/index.php?rest_route=%2Fwp%2Fv2%2Fmedia&parent=1251"}],"wp:term":[{"taxonomy":"product_brand","embeddable":true,"href":"https:\/\/artyourlove.de\/index.php?rest_route=%2Fwp%2Fv2%2Fproduct_brand&post=1251"},{"taxonomy":"product_cat","embeddable":true,"href":"https:\/\/artyourlove.de\/index.php?rest_route=%2Fwp%2Fv2%2Fproduct_cat&post=1251"},{"taxonomy":"product_tag","embeddable":true,"href":"https:\/\/artyourlove.de\/index.php?rest_route=%2Fwp%2Fv2%2Fproduct_tag&post=1251"}],"curies":[{"name":"wp","href":"https:\/\/api.w.org\/{rel}","templated":true}]}}