{"id":840,"date":"2023-11-20T15:57:50","date_gmt":"2023-11-20T15:57:50","guid":{"rendered":"https:\/\/artyourlove.de\/?page_id=840"},"modified":"2023-11-22T18:28:51","modified_gmt":"2023-11-22T18:28:51","slug":"3d-druck-anfrage","status":"publish","type":"page","link":"https:\/\/artyourlove.de\/?page_id=840","title":{"rendered":"3D Druck Angebots Anfrage"},"content":{"rendered":"\n<p>Hier haben Sie die M\u00f6glichkeit von uns ein Angebot f\u00fcr Ihren 3D Druck zu erhalten.<br>Bitte beschreiben Sie den gew\u00fcnschten Druck so ausf\u00fchrlich wie n\u00f6tig.<br>Geben Sie die Farben und das gew\u00fcnschte Material an. Sollten Sie bereits ein fertiges Modell im Auge habe, so f\u00fcgen Sie die entsprechenden Dateien (*.stl,*.3mf&#8230;) bitte bei.<\/p>\n\n\n\n<p>Sie haben keine Cad\/3D Druck Dateien, auch kein Problem. Wir erstellen gerne auch das 3D Druck Modell nach Ihrer Skizze, einfach beif\u00fcgen.<\/p>\n\n\n\n<p>Sie haben auch keine Skizze ? Mehr nur eine Idee, so beschreiben Sie diese. Wir werden sehen, was wir daraus machen k\u00f6nnen. Haben wir R\u00fcckfragen, so treten wir gerne mit Ihnen in Kontakt via Email oder falsch erw\u00fcnscht auch per Telefon. <\/p>\n\n\n\n<p>Das Angebot ist immer kostenlos, scheuen Sie sich nicht nach zu fragen.<\/p>\n\n\n\n\n<div class=\"wpcf7 no-js\" id=\"wpcf7-f847-o1\" lang=\"de-DE\" dir=\"ltr\" data-wpcf7-id=\"847\">\n<div class=\"screen-reader-response\"><p role=\"status\" aria-live=\"polite\" aria-atomic=\"true\"><\/p> <ul><\/ul><\/div>\n<form action=\"\/index.php?rest_route=%2Fwp%2Fv2%2Fpages%2F840#wpcf7-f847-o1\" method=\"post\" class=\"wpcf7-form init\" aria-label=\"Kontaktformular\" enctype=\"multipart\/form-data\" novalidate=\"novalidate\" data-status=\"init\">\n<fieldset class=\"hidden-fields-container\"><input type=\"hidden\" name=\"_wpcf7\" value=\"847\" \/><input type=\"hidden\" name=\"_wpcf7_version\" value=\"6.1.5\" \/><input type=\"hidden\" name=\"_wpcf7_locale\" value=\"de_DE_formal\" \/><input type=\"hidden\" name=\"_wpcf7_unit_tag\" value=\"wpcf7-f847-o1\" \/><input type=\"hidden\" name=\"_wpcf7_container_post\" value=\"0\" \/><input type=\"hidden\" name=\"_wpcf7_posted_data_hash\" value=\"\" \/><input type=\"hidden\" name=\"_wpcf7_recaptcha_response\" value=\"\" \/>\n<\/fieldset>\n<p><label> Ihr Name<br \/>\n<span class=\"wpcf7-form-control-wrap\" data-name=\"your-name\"><input size=\"40\" maxlength=\"400\" class=\"wpcf7-form-control wpcf7-text wpcf7-validates-as-required\" autocomplete=\"name\" aria-required=\"true\" aria-invalid=\"false\" value=\"\" type=\"text\" name=\"your-name\" \/><\/span> <\/label>\n<\/p>\n<p><label> Ihre E-Mail-Adresse<br \/>\n<span class=\"wpcf7-form-control-wrap\" data-name=\"your-email\"><input size=\"40\" maxlength=\"400\" class=\"wpcf7-form-control wpcf7-email wpcf7-validates-as-required wpcf7-text wpcf7-validates-as-email\" autocomplete=\"email\" aria-required=\"true\" aria-invalid=\"false\" value=\"\" type=\"email\" name=\"your-email\" \/><\/span> <\/label><br \/>\n<label> Ihre Telefonnummer (falls telefonischer Kontakt erw\u00fcnscht)<br \/>\n<span class=\"wpcf7-form-control-wrap\" data-name=\"tel-488\"><input size=\"40\" maxlength=\"400\" class=\"wpcf7-form-control wpcf7-tel wpcf7-text wpcf7-validates-as-tel\" aria-invalid=\"false\" value=\"\" type=\"tel\" name=\"tel-488\" \/><\/span> <\/label><br \/>\n<label> Betreff<br \/>\n<span class=\"wpcf7-form-control-wrap\" data-name=\"your-subject\"><input size=\"40\" maxlength=\"400\" class=\"wpcf7-form-control wpcf7-text wpcf7-validates-as-required\" aria-required=\"true\" aria-invalid=\"false\" value=\"\" type=\"text\" name=\"your-subject\" \/><\/span> <\/label>\n<\/p>\n<p><label> Ihre Nachricht (optional aber ggf. hilfreich)<br \/>\n<span class=\"wpcf7-form-control-wrap\" data-name=\"your-message\"><textarea cols=\"40\" rows=\"10\" maxlength=\"2000\" class=\"wpcf7-form-control wpcf7-textarea\" aria-invalid=\"false\" name=\"your-message\"><\/textarea><\/span> <\/label>\n<\/p>\n<p><label> Falls Sie eine Datei anf\u00fcgen m\u00f6chten (optional)<br \/>\n<span class=\"wpcf7-form-control-wrap\" data-name=\"file-448\"><input size=\"40\" class=\"wpcf7-form-control wpcf7-file\" accept=\".pdf,.txt,audio\/*,video\/*,image\/*,.doc,.docm,.docx,.xls,.xslx,.stl,.obj,.amf,.3mf,.zip,.rar,.dwg,.dxf,.swf,.cgm,.dxt,.svg,.plt,.objf,.nmf,.lmts,.nc,.7z,.gz,.tar\" aria-invalid=\"false\" type=\"file\" name=\"file-448\" \/><\/span><\/label><br \/>\n<label>Falls Sie mehrere Dateien haben, bitte in ein Archiv (rar,zip,7z,tar,tar.gz) packen.<\/label><br \/>\n<span class=\"wpcf7-form-control-wrap\" data-name=\"angebotacceptance\"><span class=\"wpcf7-form-control wpcf7-acceptance\"><span class=\"wpcf7-list-item\"><label><input type=\"checkbox\" name=\"angebotacceptance\" value=\"1\" aria-invalid=\"false\" \/><span class=\"wpcf7-list-item-label\">Ich stimme der Speicherung und Verarbeitung meiner hier bereit gestellten Daten f\u00fcr eine Angebotserstellung durch Art Your Love zu. Es werden keine Daten an Dritte weitergegeben.<\/span><\/label><\/span><\/span><\/span>\n<\/p>\n<p><input class=\"wpcf7-form-control wpcf7-submit has-spinner\" type=\"submit\" value=\"Senden\" \/>\n<\/p><div class=\"wpcf7-response-output\" aria-hidden=\"true\"><\/div>\n<\/form>\n<\/div>\n\n\n\n\n<p><\/p>\n","protected":false},"excerpt":{"rendered":"<p>Hier haben Sie die M\u00f6glichkeit von uns ein Angebot f\u00fcr Ihren 3D Druck zu erhalten.Bitte beschreiben Sie den gew\u00fcnschten Druck so ausf\u00fchrlich wie n\u00f6tig.Geben Sie die Farben und das gew\u00fcnschte Material an. Sollten Sie bereits ein fertiges Modell im Auge habe, so f\u00fcgen Sie die entsprechenden Dateien (*.stl,*.3mf&#8230;) bitte bei. Sie haben keine Cad\/3D Druck [&hellip;]<\/p>\n","protected":false},"author":1,"featured_media":0,"parent":0,"menu_order":0,"comment_status":"closed","ping_status":"closed","template":"","meta":{"footnotes":""},"class_list":["post-840","page","type-page","status-publish","hentry"],"jetpack_sharing_enabled":true,"_links":{"self":[{"href":"https:\/\/artyourlove.de\/index.php?rest_route=\/wp\/v2\/pages\/840","targetHints":{"allow":["GET"]}}],"collection":[{"href":"https:\/\/artyourlove.de\/index.php?rest_route=\/wp\/v2\/pages"}],"about":[{"href":"https:\/\/artyourlove.de\/index.php?rest_route=\/wp\/v2\/types\/page"}],"author":[{"embeddable":true,"href":"https:\/\/artyourlove.de\/index.php?rest_route=\/wp\/v2\/users\/1"}],"replies":[{"embeddable":true,"href":"https:\/\/artyourlove.de\/index.php?rest_route=%2Fwp%2Fv2%2Fcomments&post=840"}],"version-history":[{"count":4,"href":"https:\/\/artyourlove.de\/index.php?rest_route=\/wp\/v2\/pages\/840\/revisions"}],"predecessor-version":[{"id":851,"href":"https:\/\/artyourlove.de\/index.php?rest_route=\/wp\/v2\/pages\/840\/revisions\/851"}],"wp:attachment":[{"href":"https:\/\/artyourlove.de\/index.php?rest_route=%2Fwp%2Fv2%2Fmedia&parent=840"}],"curies":[{"name":"wp","href":"https:\/\/api.w.org\/{rel}","templated":true}]}}