{"id":646,"date":"2023-11-12T10:12:11","date_gmt":"2023-11-12T10:12:11","guid":{"rendered":"https:\/\/artyourlove.de\/?page_id=646"},"modified":"2023-11-12T15:25:21","modified_gmt":"2023-11-12T15:25:21","slug":"impressum","status":"publish","type":"page","link":"https:\/\/artyourlove.de\/?page_id=646","title":{"rendered":"Impressum"},"content":{"rendered":"\n<p>Art Your Love Shop<\/p>\n\n\n\n<p>R\u00fcdiger Weronetzki<br>Horster Stra\u00dfe 293<br>45968 Gladbeck<br><\/p>\n\n\n\n<p>Kontakt:<br>Mail: <a href=\"mailto:shop@artyourlove.de\">shop@artyourlove.de<\/a><br>Tel: +49 160 6414627<\/p>\n\n\n\n<p>Gesch\u00e4ftsf\u00fchrer: R\u00fcdiger Weronetzki<\/p>\n\n\n\n<p>USt.Id.: DE 346 817 213<\/p>\n\n\n\n<p>Zust\u00e4ndiges Gericht: Amtsgericht Gladbeck<\/p>\n\n\n\n<p>Inhaltlich verantwortlich gem\u00e4\u00df \u00a7 5 TMG ist R\u00fcdiger Weronetzki, Kontaktdaten siehe oben.<\/p>\n\n\n\n<p><\/p>\n\n\n<div class=\"woocommerce woocommerce-gzd woocommerce-gzd-complaints-shortcode\">\n\t\t\t<h3>Alternative Streitbeilegung gem\u00e4\u00df Art. 14 Abs. 1 ODR-VO und \u00a7 36 VSBG:<\/h3>\n\t\nZur Teilnahme an einem Streitbeilegungsverfahren vor einer Verbraucherschlichtungsstelle sind wir nicht verpflichtet und nicht bereit.<\/div>\n","protected":false},"excerpt":{"rendered":"<p>Art Your Love Shop R\u00fcdiger WeronetzkiHorster Stra\u00dfe 29345968 Gladbeck Kontakt:Mail: shop@artyourlove.deTel: +49 160 6414627 Gesch\u00e4ftsf\u00fchrer: R\u00fcdiger Weronetzki USt.Id.: DE 346 817 213 Zust\u00e4ndiges Gericht: Amtsgericht Gladbeck Inhaltlich verantwortlich gem\u00e4\u00df \u00a7 5 TMG ist R\u00fcdiger Weronetzki, Kontaktdaten siehe oben.<\/p>\n","protected":false},"author":1,"featured_media":0,"parent":0,"menu_order":0,"comment_status":"closed","ping_status":"closed","template":"","meta":{"footnotes":""},"class_list":["post-646","page","type-page","status-publish","hentry"],"jetpack_sharing_enabled":true,"_links":{"self":[{"href":"https:\/\/artyourlove.de\/index.php?rest_route=\/wp\/v2\/pages\/646","targetHints":{"allow":["GET"]}}],"collection":[{"href":"https:\/\/artyourlove.de\/index.php?rest_route=\/wp\/v2\/pages"}],"about":[{"href":"https:\/\/artyourlove.de\/index.php?rest_route=\/wp\/v2\/types\/page"}],"author":[{"embeddable":true,"href":"https:\/\/artyourlove.de\/index.php?rest_route=\/wp\/v2\/users\/1"}],"replies":[{"embeddable":true,"href":"https:\/\/artyourlove.de\/index.php?rest_route=%2Fwp%2Fv2%2Fcomments&post=646"}],"version-history":[{"count":5,"href":"https:\/\/artyourlove.de\/index.php?rest_route=\/wp\/v2\/pages\/646\/revisions"}],"predecessor-version":[{"id":671,"href":"https:\/\/artyourlove.de\/index.php?rest_route=\/wp\/v2\/pages\/646\/revisions\/671"}],"wp:attachment":[{"href":"https:\/\/artyourlove.de\/index.php?rest_route=%2Fwp%2Fv2%2Fmedia&parent=646"}],"curies":[{"name":"wp","href":"https:\/\/api.w.org\/{rel}","templated":true}]}}